{"id":2535,"date":"2022-06-22T22:19:27","date_gmt":"2022-06-22T19:19:27","guid":{"rendered":"https:\/\/www.bluemedilife.co.uk\/tr\/?page_id=2535"},"modified":"2023-01-30T01:17:59","modified_gmt":"2023-01-29T22:17:59","slug":"size-nasil-yardimci-olabiliriz","status":"publish","type":"page","link":"https:\/\/www.bluemedilife.co.uk\/tr\/index.php\/about\/size-nasil-yardimci-olabiliriz\/","title":{"rendered":"Size nas\u0131l yard\u0131mc\u0131 olabiliriz?"},"content":{"rendered":"\t\t<div data-elementor-type=\"wp-page\" data-elementor-id=\"2535\" class=\"elementor elementor-2535\">\n\t\t\t\t\t\t\t\t\t<section class=\"elementor-section elementor-top-section elementor-element elementor-element-8d602c1 elementor-section-boxed elementor-section-height-default elementor-section-height-default\" data-id=\"8d602c1\" data-element_type=\"section\">\n\t\t\t\t\t\t<div class=\"elementor-container elementor-column-gap-default\">\n\t\t\t\t\t<div class=\"elementor-column elementor-col-100 elementor-top-column elementor-element elementor-element-486b8e0\" data-id=\"486b8e0\" data-element_type=\"column\">\n\t\t\t<div class=\"elementor-widget-wrap elementor-element-populated\">\n\t\t\t\t\t\t\t\t<div class=\"elementor-element elementor-element-5718b93 elementor-widget elementor-widget-text-editor\" data-id=\"5718b93\" data-element_type=\"widget\" data-widget_type=\"text-editor.default\">\n\t\t\t\t<div class=\"elementor-widget-container\">\n\t\t\t<style>\/*! elementor - v3.12.1 - 02-04-2023 *\/\n.elementor-widget-text-editor.elementor-drop-cap-view-stacked .elementor-drop-cap{background-color:#69727d;color:#fff}.elementor-widget-text-editor.elementor-drop-cap-view-framed .elementor-drop-cap{color:#69727d;border:3px solid;background-color:transparent}.elementor-widget-text-editor:not(.elementor-drop-cap-view-default) .elementor-drop-cap{margin-top:8px}.elementor-widget-text-editor:not(.elementor-drop-cap-view-default) .elementor-drop-cap-letter{width:1em;height:1em}.elementor-widget-text-editor .elementor-drop-cap{float:left;text-align:center;line-height:1;font-size:50px}.elementor-widget-text-editor .elementor-drop-cap-letter{display:inline-block}<\/style>\t\t\t\t<h3>Londra \u2013 Liverpool Street\u2019de, hasta ve dan\u0131\u015fmanlar\u0131m\u0131z\u0131n, konforunu ve sa\u011fl\u0131\u011f\u0131n\u0131 \u00f6n planda tutarak tasarlad\u0131\u011f\u0131m\u0131z modern klini\u011fimizde, T\u00fcrkler i\u00e7in anadilinde sa\u011fl\u0131k ve dan\u0131\u015fmanl\u0131k hizmetleri sunuyoruz.<\/h3>\t\t\t\t\t\t<\/div>\n\t\t\t\t<\/div>\n\t\t\t\t\t<\/div>\n\t\t<\/div>\n\t\t\t\t\t\t\t<\/div>\n\t\t<\/section>\n\t\t\t\t<section class=\"elementor-section elementor-top-section elementor-element elementor-element-c0e4ab9 elementor-section-boxed elementor-section-height-default elementor-section-height-default\" data-id=\"c0e4ab9\" data-element_type=\"section\">\n\t\t\t\t\t\t<div class=\"elementor-container elementor-column-gap-default\">\n\t\t\t\t\t<div class=\"elementor-column elementor-col-100 elementor-top-column elementor-element elementor-element-834ed4c\" data-id=\"834ed4c\" data-element_type=\"column\">\n\t\t\t<div class=\"elementor-widget-wrap elementor-element-populated\">\n\t\t\t\t\t\t\t\t<div class=\"elementor-element elementor-element-fa8b577 elementor-widget elementor-widget-spacer\" data-id=\"fa8b577\" data-element_type=\"widget\" data-widget_type=\"spacer.default\">\n\t\t\t\t<div class=\"elementor-widget-container\">\n\t\t\t<style>\/*! elementor - v3.12.1 - 02-04-2023 *\/\n.elementor-column .elementor-spacer-inner{height:var(--spacer-size)}.e-con{--container-widget-width:100%}.e-con-inner>.elementor-widget-spacer,.e-con>.elementor-widget-spacer{width:var(--container-widget-width,var(--spacer-size));--align-self:var(--container-widget-align-self,initial);--flex-shrink:0}.e-con-inner>.elementor-widget-spacer>.elementor-widget-container,.e-con-inner>.elementor-widget-spacer>.elementor-widget-container>.elementor-spacer,.e-con>.elementor-widget-spacer>.elementor-widget-container,.e-con>.elementor-widget-spacer>.elementor-widget-container>.elementor-spacer{height:100%}.e-con-inner>.elementor-widget-spacer>.elementor-widget-container>.elementor-spacer>.elementor-spacer-inner,.e-con>.elementor-widget-spacer>.elementor-widget-container>.elementor-spacer>.elementor-spacer-inner{height:var(--container-widget-height,var(--spacer-size))}<\/style>\t\t<div class=\"elementor-spacer\">\n\t\t\t<div class=\"elementor-spacer-inner\"><\/div>\n\t\t<\/div>\n\t\t\t\t<\/div>\n\t\t\t\t<\/div>\n\t\t\t\t\t<\/div>\n\t\t<\/div>\n\t\t\t\t\t\t\t<\/div>\n\t\t<\/section>\n\t\t\t\t<div class=\"elementor-section elementor-top-section elementor-element elementor-element-70ed990 elementor-section-boxed elementor-section-height-default elementor-section-height-default\" data-id=\"70ed990\" data-element_type=\"section\" data-settings=\"{&quot;animation&quot;:&quot;none&quot;}\">\n\t\t\t\t\t\t<div class=\"elementor-container elementor-column-gap-default\">\n\t\t\t\t\t<div class=\"elementor-column elementor-col-100 elementor-top-column elementor-element elementor-element-d231555\" data-id=\"d231555\" data-element_type=\"column\">\n\t\t\t<div class=\"elementor-widget-wrap elementor-element-populated\">\n\t\t\t\t\t\t\t\t<div class=\"elementor-section elementor-inner-section elementor-element elementor-element-3b274d3 elementor-section-boxed elementor-section-height-default elementor-section-height-default\" data-id=\"3b274d3\" data-element_type=\"section\" data-settings=\"{&quot;background_background&quot;:&quot;classic&quot;,&quot;animation&quot;:&quot;none&quot;}\">\n\t\t\t\t\t\t<div class=\"elementor-container elementor-column-gap-default\">\n\t\t\t\t\t<div class=\"elementor-column elementor-col-100 elementor-inner-column elementor-element elementor-element-ecc2ca0\" data-id=\"ecc2ca0\" data-element_type=\"column\">\n\t\t\t<div class=\"elementor-widget-wrap elementor-element-populated\">\n\t\t\t\t\t\t\t\t<div class=\"elementor-element elementor-element-51453f0 elementor-widget elementor-widget-heading\" data-id=\"51453f0\" data-element_type=\"widget\" data-widget_type=\"heading.default\">\n\t\t\t\t<div class=\"elementor-widget-container\">\n\t\t\t<style>\/*! elementor - v3.12.1 - 02-04-2023 *\/\n.elementor-heading-title{padding:0;margin:0;line-height:1}.elementor-widget-heading .elementor-heading-title[class*=elementor-size-]>a{color:inherit;font-size:inherit;line-height:inherit}.elementor-widget-heading .elementor-heading-title.elementor-size-small{font-size:15px}.elementor-widget-heading .elementor-heading-title.elementor-size-medium{font-size:19px}.elementor-widget-heading .elementor-heading-title.elementor-size-large{font-size:29px}.elementor-widget-heading .elementor-heading-title.elementor-size-xl{font-size:39px}.elementor-widget-heading .elementor-heading-title.elementor-size-xxl{font-size:59px}<\/style><h3 class=\"elementor-heading-title elementor-size-default\">Sa\u011fl\u0131k Hizmetlerimiz<\/h3>\t\t<\/div>\n\t\t\t\t<\/div>\n\t\t\t\t<div class=\"elementor-element elementor-element-000c8d7 elementor-widget elementor-widget-text-editor\" data-id=\"000c8d7\" data-element_type=\"widget\" data-widget_type=\"text-editor.default\">\n\t\t\t\t<div class=\"elementor-widget-container\">\n\t\t\t\t\t\t\t<div dir=\"auto\">Hasta ve dan\u0131\u015fmanlar\u0131m\u0131z\u0131n, konforunu ve sa\u011fl\u0131\u011f\u0131n\u0131 \u00f6n planda tutarak tasarlad\u0131\u011f\u0131m\u0131z modern klini\u011fimizde, T\u00fcrkler i\u00e7in<\/div><div dir=\"auto\">Anadilinde sa\u011fl\u0131k ve dan\u0131\u015fmanl\u0131k hizmetleri sunuyoruz.<\/div>\t\t\t\t\t\t<\/div>\n\t\t\t\t<\/div>\n\t\t\t\t\t<\/div>\n\t\t<\/div>\n\t\t\t\t\t\t\t<\/div>\n\t\t<\/div>\n\t\t\t\t<section class=\"elementor-section elementor-inner-section elementor-element elementor-element-17d1ca8 elementor-section-boxed elementor-section-height-default elementor-section-height-default\" data-id=\"17d1ca8\" data-element_type=\"section\">\n\t\t\t\t\t\t<div class=\"elementor-container elementor-column-gap-extended\">\n\t\t\t\t\t<div class=\"elementor-column elementor-col-33 elementor-inner-column elementor-element elementor-element-65cf84e\" data-id=\"65cf84e\" data-element_type=\"column\">\n\t\t\t<div class=\"elementor-widget-wrap elementor-element-populated\">\n\t\t\t\t\t\t\t\t<div class=\"elementor-element elementor-element-3b23409 elementor-position-top elementor-vertical-align-top elementor-widget elementor-widget-image-box\" data-id=\"3b23409\" data-element_type=\"widget\" data-widget_type=\"image-box.default\">\n\t\t\t\t<div class=\"elementor-widget-container\">\n\t\t\t<style>\/*! elementor - v3.12.1 - 02-04-2023 *\/\n.elementor-widget-image-box .elementor-image-box-content{width:100%}@media (min-width:768px){.elementor-widget-image-box.elementor-position-left .elementor-image-box-wrapper,.elementor-widget-image-box.elementor-position-right .elementor-image-box-wrapper{display:flex}.elementor-widget-image-box.elementor-position-right .elementor-image-box-wrapper{text-align:right;flex-direction:row-reverse}.elementor-widget-image-box.elementor-position-left .elementor-image-box-wrapper{text-align:left;flex-direction:row}.elementor-widget-image-box.elementor-position-top .elementor-image-box-img{margin:auto}.elementor-widget-image-box.elementor-vertical-align-top .elementor-image-box-wrapper{align-items:flex-start}.elementor-widget-image-box.elementor-vertical-align-middle .elementor-image-box-wrapper{align-items:center}.elementor-widget-image-box.elementor-vertical-align-bottom .elementor-image-box-wrapper{align-items:flex-end}}@media (max-width:767px){.elementor-widget-image-box .elementor-image-box-img{margin-left:auto!important;margin-right:auto!important;margin-bottom:15px}}.elementor-widget-image-box .elementor-image-box-img{display:inline-block}.elementor-widget-image-box .elementor-image-box-title a{color:inherit}.elementor-widget-image-box .elementor-image-box-wrapper{text-align:center}.elementor-widget-image-box .elementor-image-box-description{margin:0}<\/style><div class=\"elementor-image-box-wrapper\"><figure class=\"elementor-image-box-img\"><a href=\"https:\/\/www.bluemedilife.co.uk\/tr\/index.php\/ic-hastaliklari-dahiliye\/\" rel=\"nofollow\"><img loading=\"lazy\" decoding=\"async\" width=\"770\" height=\"513\" src=\"https:\/\/www.bluemedilife.co.uk\/tr\/wp-content\/uploads\/2022\/06\/doctor-clipboard_770.webp\" class=\"attachment-full size-full wp-image-2028\" alt=\"\" srcset=\"https:\/\/www.bluemedilife.co.uk\/tr\/wp-content\/uploads\/2022\/06\/doctor-clipboard_770.webp 770w, https:\/\/www.bluemedilife.co.uk\/tr\/wp-content\/uploads\/2022\/06\/doctor-clipboard_770-300x200.webp 300w, https:\/\/www.bluemedilife.co.uk\/tr\/wp-content\/uploads\/2022\/06\/doctor-clipboard_770-768x512.webp 768w, https:\/\/www.bluemedilife.co.uk\/tr\/wp-content\/uploads\/2022\/06\/doctor-clipboard_770-600x400.webp 600w\" sizes=\"auto, (max-width: 770px) 100vw, 770px\" \/><\/a><\/figure><\/div>\t\t<\/div>\n\t\t\t\t<\/div>\n\t\t\t\t<div class=\"elementor-element elementor-element-86d43fb elementor-widget elementor-widget-heading\" data-id=\"86d43fb\" data-element_type=\"widget\" data-widget_type=\"heading.default\">\n\t\t\t\t<div class=\"elementor-widget-container\">\n\t\t\t<h3 class=\"elementor-heading-title elementor-size-default\"><a href=\"https:\/\/www.bluemedilife.co.uk\/tr\/index.php\/ic-hastaliklari-dahiliye\/\" rel=\"nofollow\">\u0130\u00e7 Hastal\u0131klar\u0131 (Dahiliye)<\/a><\/h3>\t\t<\/div>\n\t\t\t\t<\/div>\n\t\t\t\t\t<\/div>\n\t\t<\/div>\n\t\t\t\t<div class=\"elementor-column elementor-col-33 elementor-inner-column elementor-element elementor-element-16fbbb5\" data-id=\"16fbbb5\" data-element_type=\"column\">\n\t\t\t<div class=\"elementor-widget-wrap elementor-element-populated\">\n\t\t\t\t\t\t\t\t<div class=\"elementor-element elementor-element-d105488 elementor-position-top elementor-vertical-align-top elementor-widget elementor-widget-image-box\" data-id=\"d105488\" data-element_type=\"widget\" data-widget_type=\"image-box.default\">\n\t\t\t\t<div class=\"elementor-widget-container\">\n\t\t\t<div class=\"elementor-image-box-wrapper\"><figure class=\"elementor-image-box-img\"><a href=\"https:\/\/www.bluemedilife.co.uk\/tr\/index.php\/cocuk-sagligi-ve-hastaliklari-pediatri\/\" rel=\"nofollow\"><img loading=\"lazy\" decoding=\"async\" width=\"791\" height=\"537\" src=\"https:\/\/www.bluemedilife.co.uk\/tr\/wp-content\/uploads\/2022\/06\/hizmetlerimiz-cocuk-hastaliklari.jpeg\" class=\"attachment-full size-full wp-image-2056\" alt=\"\" srcset=\"https:\/\/www.bluemedilife.co.uk\/tr\/wp-content\/uploads\/2022\/06\/hizmetlerimiz-cocuk-hastaliklari.jpeg 791w, https:\/\/www.bluemedilife.co.uk\/tr\/wp-content\/uploads\/2022\/06\/hizmetlerimiz-cocuk-hastaliklari-300x204.jpeg 300w, https:\/\/www.bluemedilife.co.uk\/tr\/wp-content\/uploads\/2022\/06\/hizmetlerimiz-cocuk-hastaliklari-768x521.jpeg 768w, https:\/\/www.bluemedilife.co.uk\/tr\/wp-content\/uploads\/2022\/06\/hizmetlerimiz-cocuk-hastaliklari-600x407.jpeg 600w\" sizes=\"auto, (max-width: 791px) 100vw, 791px\" \/><\/a><\/figure><\/div>\t\t<\/div>\n\t\t\t\t<\/div>\n\t\t\t\t<div class=\"elementor-element elementor-element-c4fc600 elementor-widget elementor-widget-heading\" data-id=\"c4fc600\" data-element_type=\"widget\" data-widget_type=\"heading.default\">\n\t\t\t\t<div class=\"elementor-widget-container\">\n\t\t\t<h3 class=\"elementor-heading-title elementor-size-default\"><a href=\"https:\/\/www.bluemedilife.co.uk\/tr\/index.php\/cocuk-sagligi-ve-hastaliklari-pediatri\/\" rel=\"nofollow\">\u00c7ocuk Sa\u011fl\u0131\u011f\u0131 ve Hastal\u0131klar\u0131 (Pediatri)<\/a><\/h3>\t\t<\/div>\n\t\t\t\t<\/div>\n\t\t\t\t\t<\/div>\n\t\t<\/div>\n\t\t\t\t<div class=\"elementor-column elementor-col-33 elementor-inner-column elementor-element elementor-element-392e485\" data-id=\"392e485\" data-element_type=\"column\">\n\t\t\t<div class=\"elementor-widget-wrap elementor-element-populated\">\n\t\t\t\t\t\t\t\t<div class=\"elementor-element elementor-element-39da6b8 elementor-position-top elementor-vertical-align-top elementor-widget elementor-widget-image-box\" data-id=\"39da6b8\" data-element_type=\"widget\" data-widget_type=\"image-box.default\">\n\t\t\t\t<div class=\"elementor-widget-container\">\n\t\t\t<div class=\"elementor-image-box-wrapper\"><figure class=\"elementor-image-box-img\"><a href=\"https:\/\/www.bluemedilife.co.uk\/tr\/index.php\/psikiyatri-psikoloji\/\" rel=\"nofollow\"><img loading=\"lazy\" decoding=\"async\" width=\"791\" height=\"537\" src=\"https:\/\/www.bluemedilife.co.uk\/tr\/wp-content\/uploads\/2022\/06\/99-kopya.png\" class=\"attachment-full size-full wp-image-2070\" alt=\"\" srcset=\"https:\/\/www.bluemedilife.co.uk\/tr\/wp-content\/uploads\/2022\/06\/99-kopya.png 791w, https:\/\/www.bluemedilife.co.uk\/tr\/wp-content\/uploads\/2022\/06\/99-kopya-300x204.png 300w, https:\/\/www.bluemedilife.co.uk\/tr\/wp-content\/uploads\/2022\/06\/99-kopya-768x521.png 768w, https:\/\/www.bluemedilife.co.uk\/tr\/wp-content\/uploads\/2022\/06\/99-kopya-600x407.png 600w\" sizes=\"auto, (max-width: 791px) 100vw, 791px\" \/><\/a><\/figure><\/div>\t\t<\/div>\n\t\t\t\t<\/div>\n\t\t\t\t<div class=\"elementor-element elementor-element-41e0d08 elementor-widget elementor-widget-heading\" data-id=\"41e0d08\" data-element_type=\"widget\" data-widget_type=\"heading.default\">\n\t\t\t\t<div class=\"elementor-widget-container\">\n\t\t\t<h3 class=\"elementor-heading-title elementor-size-default\"><a href=\"https:\/\/www.bluemedilife.co.uk\/tr\/index.php\/psikiyatri-psikoloji\/\" rel=\"nofollow\">Psikiyatri-Psikiloji<\/a><\/h3>\t\t<\/div>\n\t\t\t\t<\/div>\n\t\t\t\t\t<\/div>\n\t\t<\/div>\n\t\t\t\t\t\t\t<\/div>\n\t\t<\/section>\n\t\t\t\t\t<\/div>\n\t\t<\/div>\n\t\t\t\t\t\t\t<\/div>\n\t\t<\/div>\n\t\t\t\t\t\t\t<\/div>\n\t\t","protected":false},"excerpt":{"rendered":"<p>Londra \u2013 Liverpool Street\u2019de, hasta ve dan\u0131\u015fmanlar\u0131m\u0131z\u0131n, konforunu ve sa\u011fl\u0131\u011f\u0131n\u0131 \u00f6n planda tutarak tasarlad\u0131\u011f\u0131m\u0131z modern klini\u011fimizde, T\u00fcrkler i\u00e7in anadilinde sa\u011fl\u0131k ve dan\u0131\u015fmanl\u0131k hizmetleri sunuyoruz. Sa\u011fl\u0131k Hizmetlerimiz Hasta ve dan\u0131\u015fmanlar\u0131m\u0131z\u0131n, konforunu ve sa\u011fl\u0131\u011f\u0131n\u0131 \u00f6n planda tutarak tasarlad\u0131\u011f\u0131m\u0131z modern klini\u011fimizde, T\u00fcrkler i\u00e7inAnadilinde sa\u011fl\u0131k ve dan\u0131\u015fmanl\u0131k hizmetleri sunuyoruz. \u0130\u00e7 Hastal\u0131klar\u0131 (Dahiliye) \u00c7ocuk Sa\u011fl\u0131\u011f\u0131 ve Hastal\u0131klar\u0131 (Pediatri) Psikiyatri-Psikiloji<\/p>\n","protected":false},"author":1,"featured_media":0,"parent":351,"menu_order":0,"comment_status":"closed","ping_status":"closed","template":"","meta":{"inline_featured_image":false,"footnotes":""},"class_list":["post-2535","page","type-page","status-publish","hentry"],"acf":[],"yoast_head":"<!-- This site is optimized with the Yoast SEO plugin v20.4 - https:\/\/yoast.com\/wordpress\/plugins\/seo\/ -->\n<title>Size nas\u0131l yard\u0131mc\u0131 olabiliriz? - Bluemedilife<\/title>\n<meta name=\"robots\" content=\"index, follow, max-snippet:-1, max-image-preview:large, max-video-preview:-1\" \/>\n<link rel=\"canonical\" href=\"https:\/\/www.bluemedilife.co.uk\/tr\/index.php\/about\/size-nasil-yardimci-olabiliriz\/\" \/>\n<meta property=\"og:locale\" content=\"tr_TR\" \/>\n<meta property=\"og:type\" content=\"article\" \/>\n<meta property=\"og:title\" content=\"Size nas\u0131l yard\u0131mc\u0131 olabiliriz? - Bluemedilife\" \/>\n<meta property=\"og:description\" content=\"Londra \u2013 Liverpool Street\u2019de, hasta ve dan\u0131\u015fmanlar\u0131m\u0131z\u0131n, konforunu ve sa\u011fl\u0131\u011f\u0131n\u0131 \u00f6n planda tutarak tasarlad\u0131\u011f\u0131m\u0131z modern klini\u011fimizde, T\u00fcrkler i\u00e7in anadilinde sa\u011fl\u0131k ve dan\u0131\u015fmanl\u0131k hizmetleri sunuyoruz. Sa\u011fl\u0131k Hizmetlerimiz Hasta ve dan\u0131\u015fmanlar\u0131m\u0131z\u0131n, konforunu ve sa\u011fl\u0131\u011f\u0131n\u0131 \u00f6n planda tutarak tasarlad\u0131\u011f\u0131m\u0131z modern klini\u011fimizde, T\u00fcrkler i\u00e7inAnadilinde sa\u011fl\u0131k ve dan\u0131\u015fmanl\u0131k hizmetleri sunuyoruz. \u0130\u00e7 Hastal\u0131klar\u0131 (Dahiliye) \u00c7ocuk Sa\u011fl\u0131\u011f\u0131 ve Hastal\u0131klar\u0131 (Pediatri) Psikiyatri-Psikiloji\" \/>\n<meta property=\"og:url\" content=\"https:\/\/www.bluemedilife.co.uk\/tr\/index.php\/about\/size-nasil-yardimci-olabiliriz\/\" \/>\n<meta property=\"og:site_name\" content=\"Bluemedilife\" \/>\n<meta property=\"article:modified_time\" content=\"2023-01-29T22:17:59+00:00\" \/>\n<meta property=\"og:image\" content=\"https:\/\/www.bluemedilife.co.uk\/tr\/wp-content\/uploads\/2022\/06\/doctor-clipboard_770.webp\" \/>\n<meta name=\"twitter:card\" content=\"summary_large_image\" \/>\n<meta name=\"twitter:label1\" content=\"Tahmini okuma s\u00fcresi\" \/>\n\t<meta name=\"twitter:data1\" content=\"2 dakika\" \/>\n<script type=\"application\/ld+json\" class=\"yoast-schema-graph\">{\"@context\":\"https:\/\/schema.org\",\"@graph\":[{\"@type\":\"WebPage\",\"@id\":\"https:\/\/www.bluemedilife.co.uk\/tr\/index.php\/about\/size-nasil-yardimci-olabiliriz\/\",\"url\":\"https:\/\/www.bluemedilife.co.uk\/tr\/index.php\/about\/size-nasil-yardimci-olabiliriz\/\",\"name\":\"Size nas\u0131l yard\u0131mc\u0131 olabiliriz? - Bluemedilife\",\"isPartOf\":{\"@id\":\"https:\/\/www.bluemedilife.co.uk\/tr\/#website\"},\"datePublished\":\"2022-06-22T19:19:27+00:00\",\"dateModified\":\"2023-01-29T22:17:59+00:00\",\"breadcrumb\":{\"@id\":\"https:\/\/www.bluemedilife.co.uk\/tr\/index.php\/about\/size-nasil-yardimci-olabiliriz\/#breadcrumb\"},\"inLanguage\":\"tr\",\"potentialAction\":[{\"@type\":\"ReadAction\",\"target\":[\"https:\/\/www.bluemedilife.co.uk\/tr\/index.php\/about\/size-nasil-yardimci-olabiliriz\/\"]}]},{\"@type\":\"BreadcrumbList\",\"@id\":\"https:\/\/www.bluemedilife.co.uk\/tr\/index.php\/about\/size-nasil-yardimci-olabiliriz\/#breadcrumb\",\"itemListElement\":[{\"@type\":\"ListItem\",\"position\":1,\"name\":\"Anasayfa\",\"item\":\"https:\/\/www.bluemedilife.co.uk\/tr\/\"},{\"@type\":\"ListItem\",\"position\":2,\"name\":\"Hakk\u0131m\u0131zda\",\"item\":\"https:\/\/www.bluemedilife.co.uk\/tr\/index.php\/about\/\"},{\"@type\":\"ListItem\",\"position\":3,\"name\":\"Size nas\u0131l yard\u0131mc\u0131 olabiliriz?\"}]},{\"@type\":\"WebSite\",\"@id\":\"https:\/\/www.bluemedilife.co.uk\/tr\/#website\",\"url\":\"https:\/\/www.bluemedilife.co.uk\/tr\/\",\"name\":\"Bluemedilife\",\"description\":\"Health &amp; Wellness\",\"potentialAction\":[{\"@type\":\"SearchAction\",\"target\":{\"@type\":\"EntryPoint\",\"urlTemplate\":\"https:\/\/www.bluemedilife.co.uk\/tr\/?s={search_term_string}\"},\"query-input\":\"required name=search_term_string\"}],\"inLanguage\":\"tr\"}]}<\/script>\n<!-- \/ Yoast SEO plugin. -->","yoast_head_json":{"title":"Size nas\u0131l yard\u0131mc\u0131 olabiliriz? - Bluemedilife","robots":{"index":"index","follow":"follow","max-snippet":"max-snippet:-1","max-image-preview":"max-image-preview:large","max-video-preview":"max-video-preview:-1"},"canonical":"https:\/\/www.bluemedilife.co.uk\/tr\/index.php\/about\/size-nasil-yardimci-olabiliriz\/","og_locale":"tr_TR","og_type":"article","og_title":"Size nas\u0131l yard\u0131mc\u0131 olabiliriz? - Bluemedilife","og_description":"Londra \u2013 Liverpool Street\u2019de, hasta ve dan\u0131\u015fmanlar\u0131m\u0131z\u0131n, konforunu ve sa\u011fl\u0131\u011f\u0131n\u0131 \u00f6n planda tutarak tasarlad\u0131\u011f\u0131m\u0131z modern klini\u011fimizde, T\u00fcrkler i\u00e7in anadilinde sa\u011fl\u0131k ve dan\u0131\u015fmanl\u0131k hizmetleri sunuyoruz. Sa\u011fl\u0131k Hizmetlerimiz Hasta ve dan\u0131\u015fmanlar\u0131m\u0131z\u0131n, konforunu ve sa\u011fl\u0131\u011f\u0131n\u0131 \u00f6n planda tutarak tasarlad\u0131\u011f\u0131m\u0131z modern klini\u011fimizde, T\u00fcrkler i\u00e7inAnadilinde sa\u011fl\u0131k ve dan\u0131\u015fmanl\u0131k hizmetleri sunuyoruz. \u0130\u00e7 Hastal\u0131klar\u0131 (Dahiliye) \u00c7ocuk Sa\u011fl\u0131\u011f\u0131 ve Hastal\u0131klar\u0131 (Pediatri) Psikiyatri-Psikiloji","og_url":"https:\/\/www.bluemedilife.co.uk\/tr\/index.php\/about\/size-nasil-yardimci-olabiliriz\/","og_site_name":"Bluemedilife","article_modified_time":"2023-01-29T22:17:59+00:00","og_image":[{"url":"https:\/\/www.bluemedilife.co.uk\/tr\/wp-content\/uploads\/2022\/06\/doctor-clipboard_770.webp"}],"twitter_card":"summary_large_image","twitter_misc":{"Tahmini okuma s\u00fcresi":"2 dakika"},"schema":{"@context":"https:\/\/schema.org","@graph":[{"@type":"WebPage","@id":"https:\/\/www.bluemedilife.co.uk\/tr\/index.php\/about\/size-nasil-yardimci-olabiliriz\/","url":"https:\/\/www.bluemedilife.co.uk\/tr\/index.php\/about\/size-nasil-yardimci-olabiliriz\/","name":"Size nas\u0131l yard\u0131mc\u0131 olabiliriz? - Bluemedilife","isPartOf":{"@id":"https:\/\/www.bluemedilife.co.uk\/tr\/#website"},"datePublished":"2022-06-22T19:19:27+00:00","dateModified":"2023-01-29T22:17:59+00:00","breadcrumb":{"@id":"https:\/\/www.bluemedilife.co.uk\/tr\/index.php\/about\/size-nasil-yardimci-olabiliriz\/#breadcrumb"},"inLanguage":"tr","potentialAction":[{"@type":"ReadAction","target":["https:\/\/www.bluemedilife.co.uk\/tr\/index.php\/about\/size-nasil-yardimci-olabiliriz\/"]}]},{"@type":"BreadcrumbList","@id":"https:\/\/www.bluemedilife.co.uk\/tr\/index.php\/about\/size-nasil-yardimci-olabiliriz\/#breadcrumb","itemListElement":[{"@type":"ListItem","position":1,"name":"Anasayfa","item":"https:\/\/www.bluemedilife.co.uk\/tr\/"},{"@type":"ListItem","position":2,"name":"Hakk\u0131m\u0131zda","item":"https:\/\/www.bluemedilife.co.uk\/tr\/index.php\/about\/"},{"@type":"ListItem","position":3,"name":"Size nas\u0131l yard\u0131mc\u0131 olabiliriz?"}]},{"@type":"WebSite","@id":"https:\/\/www.bluemedilife.co.uk\/tr\/#website","url":"https:\/\/www.bluemedilife.co.uk\/tr\/","name":"Bluemedilife","description":"Health &amp; Wellness","potentialAction":[{"@type":"SearchAction","target":{"@type":"EntryPoint","urlTemplate":"https:\/\/www.bluemedilife.co.uk\/tr\/?s={search_term_string}"},"query-input":"required name=search_term_string"}],"inLanguage":"tr"}]}},"_links":{"self":[{"href":"https:\/\/www.bluemedilife.co.uk\/tr\/index.php\/wp-json\/wp\/v2\/pages\/2535","targetHints":{"allow":["GET"]}}],"collection":[{"href":"https:\/\/www.bluemedilife.co.uk\/tr\/index.php\/wp-json\/wp\/v2\/pages"}],"about":[{"href":"https:\/\/www.bluemedilife.co.uk\/tr\/index.php\/wp-json\/wp\/v2\/types\/page"}],"author":[{"embeddable":true,"href":"https:\/\/www.bluemedilife.co.uk\/tr\/index.php\/wp-json\/wp\/v2\/users\/1"}],"replies":[{"embeddable":true,"href":"https:\/\/www.bluemedilife.co.uk\/tr\/index.php\/wp-json\/wp\/v2\/comments?post=2535"}],"version-history":[{"count":9,"href":"https:\/\/www.bluemedilife.co.uk\/tr\/index.php\/wp-json\/wp\/v2\/pages\/2535\/revisions"}],"predecessor-version":[{"id":3029,"href":"https:\/\/www.bluemedilife.co.uk\/tr\/index.php\/wp-json\/wp\/v2\/pages\/2535\/revisions\/3029"}],"up":[{"embeddable":true,"href":"https:\/\/www.bluemedilife.co.uk\/tr\/index.php\/wp-json\/wp\/v2\/pages\/351"}],"wp:attachment":[{"href":"https:\/\/www.bluemedilife.co.uk\/tr\/index.php\/wp-json\/wp\/v2\/media?parent=2535"}],"curies":[{"name":"wp","href":"https:\/\/api.w.org\/{rel}","templated":true}]}}