{"id":1301,"date":"2021-07-25T00:45:43","date_gmt":"2021-07-25T00:45:43","guid":{"rendered":"https:\/\/cli.21lab.co\/?page_id=1301"},"modified":"2023-01-30T01:16:14","modified_gmt":"2023-01-29T22:16:14","slug":"team","status":"publish","type":"page","link":"https:\/\/www.bluemedilife.co.uk\/tr\/index.php\/about\/team\/","title":{"rendered":"Ekibimiz"},"content":{"rendered":"\t\t<div data-elementor-type=\"wp-page\" data-elementor-id=\"1301\" class=\"elementor elementor-1301\">\n\t\t\t\t\t\t\t\t\t<div class=\"elementor-section elementor-top-section elementor-element elementor-element-96ede1f elementor-section-boxed elementor-section-height-default elementor-section-height-default\" data-id=\"96ede1f\" data-element_type=\"section\">\n\t\t\t\t\t\t<div class=\"elementor-container elementor-column-gap-custom\">\n\t\t\t\t\t<div class=\"elementor-column elementor-col-100 elementor-top-column elementor-element elementor-element-b292481\" data-id=\"b292481\" data-element_type=\"column\">\n\t\t\t<div class=\"elementor-widget-wrap elementor-element-populated\">\n\t\t\t\t\t\t\t\t<div class=\"elementor-section elementor-inner-section elementor-element elementor-element-91a1f76 elementor-section-boxed elementor-section-height-default elementor-section-height-default\" data-id=\"91a1f76\" data-element_type=\"section\">\n\t\t\t\t\t\t<div class=\"elementor-container elementor-column-gap-default\">\n\t\t\t\t\t<div class=\"elementor-column elementor-col-100 elementor-inner-column elementor-element elementor-element-b607992\" data-id=\"b607992\" data-element_type=\"column\">\n\t\t\t<div class=\"elementor-widget-wrap elementor-element-populated\">\n\t\t\t\t\t\t\t\t<div class=\"elementor-element elementor-element-3cce9a3 elementor-widget-divider--view-line elementor-widget elementor-widget-divider\" data-id=\"3cce9a3\" data-element_type=\"widget\" data-widget_type=\"divider.default\">\n\t\t\t\t<div class=\"elementor-widget-container\">\n\t\t\t<style>\/*! elementor - v3.12.1 - 02-04-2023 *\/\n.elementor-widget-divider{--divider-border-style:none;--divider-border-width:1px;--divider-color:#0c0d0e;--divider-icon-size:20px;--divider-element-spacing:10px;--divider-pattern-height:24px;--divider-pattern-size:20px;--divider-pattern-url:none;--divider-pattern-repeat:repeat-x}.elementor-widget-divider .elementor-divider{display:flex}.elementor-widget-divider .elementor-divider__text{font-size:15px;line-height:1;max-width:95%}.elementor-widget-divider .elementor-divider__element{margin:0 var(--divider-element-spacing);flex-shrink:0}.elementor-widget-divider .elementor-icon{font-size:var(--divider-icon-size)}.elementor-widget-divider .elementor-divider-separator{display:flex;margin:0;direction:ltr}.elementor-widget-divider--view-line_icon .elementor-divider-separator,.elementor-widget-divider--view-line_text .elementor-divider-separator{align-items:center}.elementor-widget-divider--view-line_icon .elementor-divider-separator:after,.elementor-widget-divider--view-line_icon .elementor-divider-separator:before,.elementor-widget-divider--view-line_text .elementor-divider-separator:after,.elementor-widget-divider--view-line_text .elementor-divider-separator:before{display:block;content:\"\";border-bottom:0;flex-grow:1;border-top:var(--divider-border-width) var(--divider-border-style) var(--divider-color)}.elementor-widget-divider--element-align-left .elementor-divider .elementor-divider-separator>.elementor-divider__svg:first-of-type{flex-grow:0;flex-shrink:100}.elementor-widget-divider--element-align-left .elementor-divider-separator:before{content:none}.elementor-widget-divider--element-align-left .elementor-divider__element{margin-left:0}.elementor-widget-divider--element-align-right .elementor-divider .elementor-divider-separator>.elementor-divider__svg:last-of-type{flex-grow:0;flex-shrink:100}.elementor-widget-divider--element-align-right .elementor-divider-separator:after{content:none}.elementor-widget-divider--element-align-right .elementor-divider__element{margin-right:0}.elementor-widget-divider:not(.elementor-widget-divider--view-line_text):not(.elementor-widget-divider--view-line_icon) .elementor-divider-separator{border-top:var(--divider-border-width) var(--divider-border-style) var(--divider-color)}.elementor-widget-divider--separator-type-pattern{--divider-border-style:none}.elementor-widget-divider--separator-type-pattern.elementor-widget-divider--view-line .elementor-divider-separator,.elementor-widget-divider--separator-type-pattern:not(.elementor-widget-divider--view-line) .elementor-divider-separator:after,.elementor-widget-divider--separator-type-pattern:not(.elementor-widget-divider--view-line) .elementor-divider-separator:before,.elementor-widget-divider--separator-type-pattern:not([class*=elementor-widget-divider--view]) .elementor-divider-separator{width:100%;min-height:var(--divider-pattern-height);-webkit-mask-size:var(--divider-pattern-size) 100%;mask-size:var(--divider-pattern-size) 100%;-webkit-mask-repeat:var(--divider-pattern-repeat);mask-repeat:var(--divider-pattern-repeat);background-color:var(--divider-color);-webkit-mask-image:var(--divider-pattern-url);mask-image:var(--divider-pattern-url)}.elementor-widget-divider--no-spacing{--divider-pattern-size:auto}.elementor-widget-divider--bg-round{--divider-pattern-repeat:round}.rtl .elementor-widget-divider .elementor-divider__text{direction:rtl}.e-con-inner>.elementor-widget-divider,.e-con>.elementor-widget-divider{width:var(--container-widget-width,100%);--flex-grow:var(--container-widget-flex-grow)}<\/style>\t\t<div class=\"elementor-divider\">\n\t\t\t<span class=\"elementor-divider-separator\">\n\t\t\t\t\t\t<\/span>\n\t\t<\/div>\n\t\t\t\t<\/div>\n\t\t\t\t<\/div>\n\t\t\t\t\t<\/div>\n\t\t<\/div>\n\t\t\t\t\t\t\t<\/div>\n\t\t<\/div>\n\t\t\t\t\t<\/div>\n\t\t<\/div>\n\t\t\t\t\t\t\t<\/div>\n\t\t<\/div>\n\t\t\t\t<section class=\"elementor-section elementor-top-section elementor-element elementor-element-35e1a1d elementor-section-boxed elementor-section-height-default elementor-section-height-default\" data-id=\"35e1a1d\" data-element_type=\"section\">\n\t\t\t\t\t\t<div class=\"elementor-container elementor-column-gap-default\">\n\t\t\t\t\t<div class=\"elementor-column elementor-col-25 elementor-top-column elementor-element elementor-element-2fdfef7\" data-id=\"2fdfef7\" data-element_type=\"column\">\n\t\t\t<div class=\"elementor-widget-wrap elementor-element-populated\">\n\t\t\t\t\t\t\t\t<div class=\"elementor-element elementor-element-cda9d9d elementor-widget elementor-widget-namedical_basic_team\" data-id=\"cda9d9d\" data-element_type=\"widget\" data-settings=\"{&quot;team_image&quot;:{&quot;url&quot;:&quot;https:\\\/\\\/www.bluemedilife.co.uk\\\/tr\\\/wp-content\\\/uploads\\\/2022\\\/06\\\/OMER-kopya.png&quot;,&quot;id&quot;:2667,&quot;size&quot;:&quot;&quot;,&quot;alt&quot;:&quot;&quot;,&quot;source&quot;:&quot;library&quot;}}\" data-widget_type=\"namedical_basic_team.default\">\n\t\t\t\t<div class=\"elementor-widget-container\">\n\t\t\t\t\t<div class=\"namep-team team-style-two\">\r\n\t\t\t\t\t<div class=\"namep-mate-item\">\r\n\t\t\t\t\t\t\t\t\t<div class=\"namep-image\">\r\n\t\t\t\t\t\t<img decoding=\"async\" src=\"https:\/\/www.bluemedilife.co.uk\/tr\/wp-content\/uploads\/2022\/06\/OMER-kopya.png\" alt=\" Prof. Dr. \u00d6mer Ge\u00e7ici\">\r\n\t\t\t\t\t\t<div class=\"namep-mate-info-wrap\">\r\n\t\t          <div class=\"namep-table-wrap\">\r\n\t\t            <div class=\"namep-align-wrap\">\r\n\t\t              <div class=\"namep-social rounded\">\r\n\t\t                <ul>\r\n\t\t                \t\t\t                <\/ul>\r\n\t\t              <\/div>\r\n\t\t            <\/div>\r\n\t\t          <\/div>\r\n\t\t        <\/div>\r\n\t\t\t\t\t<\/div>\r\n\t\t\t\t\t      <div class=\"namep-mate-info\">\r\n\t        <h4 class=\"namep-mate-name\"> Prof. Dr. \u00d6mer Ge\u00e7ici<\/h4><p>Psikiyatrist (Ruh Sa\u011fl\u0131\u011f\u0131 ve Hastal\u0131klar\u0131 Uzman\u0131)<\/p>\t      <\/div>\r\n\t    <\/div>\r\n\t      <\/div>   \r\n\t\t\t\t<\/div>\n\t\t\t\t<\/div>\n\t\t\t\t\t<\/div>\n\t\t<\/div>\n\t\t\t\t<div class=\"elementor-column elementor-col-25 elementor-top-column elementor-element elementor-element-cee87da\" data-id=\"cee87da\" data-element_type=\"column\">\n\t\t\t<div class=\"elementor-widget-wrap elementor-element-populated\">\n\t\t\t\t\t\t\t\t<div class=\"elementor-element elementor-element-5bb7e3a elementor-widget elementor-widget-namedical_basic_team\" data-id=\"5bb7e3a\" data-element_type=\"widget\" data-settings=\"{&quot;team_image&quot;:{&quot;url&quot;:&quot;https:\\\/\\\/www.bluemedilife.co.uk\\\/tr\\\/wp-content\\\/uploads\\\/2022\\\/06\\\/nihalwe.png&quot;,&quot;id&quot;:2431,&quot;size&quot;:&quot;&quot;,&quot;alt&quot;:&quot;&quot;,&quot;source&quot;:&quot;library&quot;}}\" data-widget_type=\"namedical_basic_team.default\">\n\t\t\t\t<div class=\"elementor-widget-container\">\n\t\t\t\t\t<div class=\"namep-team team-style-two\">\r\n\t\t\t\t\t<div class=\"namep-mate-item\">\r\n\t\t\t\t\t\t\t\t\t<div class=\"namep-image\">\r\n\t\t\t\t\t\t<img decoding=\"async\" src=\"https:\/\/www.bluemedilife.co.uk\/tr\/wp-content\/uploads\/2022\/06\/nihalwe.png\" alt=\"Dr.Nihal Ge\u00e7ici\">\r\n\t\t\t\t\t\t<div class=\"namep-mate-info-wrap\">\r\n\t\t          <div class=\"namep-table-wrap\">\r\n\t\t            <div class=\"namep-align-wrap\">\r\n\t\t              <div class=\"namep-social rounded\">\r\n\t\t                <ul>\r\n\t\t                \t\t\t                <\/ul>\r\n\t\t              <\/div>\r\n\t\t            <\/div>\r\n\t\t          <\/div>\r\n\t\t        <\/div>\r\n\t\t\t\t\t<\/div>\r\n\t\t\t\t\t      <div class=\"namep-mate-info\">\r\n\t        <h4 class=\"namep-mate-name\">Dr.Nihal Ge\u00e7ici<\/h4><p>Dahiliye (\u0130\u00e7 Hastal\u0131klar\u0131) Uzman\u0131<\/p>\t      <\/div>\r\n\t    <\/div>\r\n\t      <\/div>   \r\n\t\t\t\t<\/div>\n\t\t\t\t<\/div>\n\t\t\t\t\t<\/div>\n\t\t<\/div>\n\t\t\t\t<div class=\"elementor-column elementor-col-25 elementor-top-column elementor-element elementor-element-cfee485\" data-id=\"cfee485\" data-element_type=\"column\">\n\t\t\t<div class=\"elementor-widget-wrap elementor-element-populated\">\n\t\t\t\t\t\t\t\t<div class=\"elementor-element elementor-element-d04f102 elementor-widget elementor-widget-namedical_basic_team\" data-id=\"d04f102\" data-element_type=\"widget\" data-settings=\"{&quot;team_image&quot;:{&quot;url&quot;:&quot;https:\\\/\\\/www.bluemedilife.co.uk\\\/tr\\\/wp-content\\\/uploads\\\/2022\\\/06\\\/BENGISU-1.png&quot;,&quot;id&quot;:2676,&quot;size&quot;:&quot;&quot;,&quot;alt&quot;:&quot;&quot;,&quot;source&quot;:&quot;library&quot;}}\" data-widget_type=\"namedical_basic_team.default\">\n\t\t\t\t<div class=\"elementor-widget-container\">\n\t\t\t\t\t<div class=\"namep-team team-style-two\">\r\n\t\t\t\t\t<div class=\"namep-mate-item\">\r\n\t\t\t\t\t\t\t\t\t<div class=\"namep-image\">\r\n\t\t\t\t\t\t<img decoding=\"async\" src=\"https:\/\/www.bluemedilife.co.uk\/tr\/wp-content\/uploads\/2022\/06\/BENGISU-1.png\" alt=\" Dr. Bengisu Ba\u015fsoy\">\r\n\t\t\t\t\t\t<div class=\"namep-mate-info-wrap\">\r\n\t\t          <div class=\"namep-table-wrap\">\r\n\t\t            <div class=\"namep-align-wrap\">\r\n\t\t              <div class=\"namep-social rounded\">\r\n\t\t                <ul>\r\n\t\t                \t\t\t                <\/ul>\r\n\t\t              <\/div>\r\n\t\t            <\/div>\r\n\t\t          <\/div>\r\n\t\t        <\/div>\r\n\t\t\t\t\t<\/div>\r\n\t\t\t\t\t      <div class=\"namep-mate-info\">\r\n\t        <h4 class=\"namep-mate-name\"> Dr. Bengisu Ba\u015fsoy<\/h4><p>\u00c7ocuk Sa\u011fl\u0131\u011f\u0131 ve Hastal\u0131klar\u0131 Uzman\u0131 - Consultant Paediatrician<\/p>\t      <\/div>\r\n\t    <\/div>\r\n\t      <\/div>   \r\n\t\t\t\t<\/div>\n\t\t\t\t<\/div>\n\t\t\t\t\t<\/div>\n\t\t<\/div>\n\t\t\t\t<div class=\"elementor-column elementor-col-25 elementor-top-column elementor-element elementor-element-a75c394\" data-id=\"a75c394\" data-element_type=\"column\">\n\t\t\t<div class=\"elementor-widget-wrap elementor-element-populated\">\n\t\t\t\t\t\t\t\t<div class=\"elementor-element elementor-element-81d37a6 elementor-widget elementor-widget-namedical_basic_team\" data-id=\"81d37a6\" data-element_type=\"widget\" data-settings=\"{&quot;team_image&quot;:{&quot;url&quot;:&quot;https:\\\/\\\/www.bluemedilife.co.uk\\\/tr\\\/wp-content\\\/uploads\\\/2022\\\/07\\\/WETASKIN.png&quot;,&quot;id&quot;:2832,&quot;size&quot;:&quot;&quot;,&quot;alt&quot;:&quot;&quot;,&quot;source&quot;:&quot;library&quot;}}\" data-widget_type=\"namedical_basic_team.default\">\n\t\t\t\t<div class=\"elementor-widget-container\">\n\t\t\t\t\t<div class=\"namep-team team-style-two\">\r\n\t\t\t\t\t<div class=\"namep-mate-item\">\r\n\t\t\t\t\t\t\t\t\t<div class=\"namep-image\">\r\n\t\t\t\t\t\t<img decoding=\"async\" src=\"https:\/\/www.bluemedilife.co.uk\/tr\/wp-content\/uploads\/2022\/07\/WETASKIN.png\" alt=\"Dr. Ta\u015fk\u0131n Tanr\u0131kulu\">\r\n\t\t\t\t\t\t<div class=\"namep-mate-info-wrap\">\r\n\t\t          <div class=\"namep-table-wrap\">\r\n\t\t            <div class=\"namep-align-wrap\">\r\n\t\t              <div class=\"namep-social rounded\">\r\n\t\t                <ul>\r\n\t\t                \t\t\t                <\/ul>\r\n\t\t              <\/div>\r\n\t\t            <\/div>\r\n\t\t          <\/div>\r\n\t\t        <\/div>\r\n\t\t\t\t\t<\/div>\r\n\t\t\t\t\t      <div class=\"namep-mate-info\">\r\n\t        <h4 class=\"namep-mate-name\">Dr. Ta\u015fk\u0131n Tanr\u0131kulu<\/h4><p>Klinik Psikolog - Psikolojik Dan\u0131\u015fman <\/p>\t      <\/div>\r\n\t    <\/div>\r\n\t      <\/div>   \r\n\t\t\t\t<\/div>\n\t\t\t\t<\/div>\n\t\t\t\t\t<\/div>\n\t\t<\/div>\n\t\t\t\t\t\t\t<\/div>\n\t\t<\/section>\n\t\t\t\t\t\t\t<\/div>\n\t\t","protected":false},"excerpt":{"rendered":"<p>Prof. Dr. \u00d6mer Ge\u00e7ici Psikiyatrist (Ruh Sa\u011fl\u0131\u011f\u0131 ve Hastal\u0131klar\u0131 Uzman\u0131) Dr.Nihal Ge\u00e7ici Dahiliye (\u0130\u00e7 Hastal\u0131klar\u0131) Uzman\u0131 Dr. Bengisu Ba\u015fsoy \u00c7ocuk Sa\u011fl\u0131\u011f\u0131 ve Hastal\u0131klar\u0131 Uzman\u0131 &#8211; Consultant Paediatrician Dr. Ta\u015fk\u0131n Tanr\u0131kulu Klinik Psikolog &#8211; Psikolojik Dan\u0131\u015fman<\/p>\n","protected":false},"author":1,"featured_media":1738,"parent":351,"menu_order":0,"comment_status":"closed","ping_status":"closed","template":"","meta":{"inline_featured_image":false,"footnotes":""},"class_list":["post-1301","page","type-page","status-publish","has-post-thumbnail","hentry"],"acf":[],"yoast_head":"<!-- This site is optimized with the Yoast SEO plugin v20.4 - https:\/\/yoast.com\/wordpress\/plugins\/seo\/ -->\n<title>Ekibimiz - Bluemedilife<\/title>\n<meta name=\"robots\" content=\"index, follow, max-snippet:-1, max-image-preview:large, max-video-preview:-1\" \/>\n<link rel=\"canonical\" href=\"https:\/\/www.bluemedilife.co.uk\/tr\/index.php\/about\/team\/\" \/>\n<meta property=\"og:locale\" content=\"tr_TR\" \/>\n<meta property=\"og:type\" content=\"article\" \/>\n<meta property=\"og:title\" content=\"Ekibimiz - Bluemedilife\" \/>\n<meta property=\"og:description\" content=\"Prof. Dr. \u00d6mer Ge\u00e7ici Psikiyatrist (Ruh Sa\u011fl\u0131\u011f\u0131 ve Hastal\u0131klar\u0131 Uzman\u0131) Dr.Nihal Ge\u00e7ici Dahiliye (\u0130\u00e7 Hastal\u0131klar\u0131) Uzman\u0131 Dr. Bengisu Ba\u015fsoy \u00c7ocuk Sa\u011fl\u0131\u011f\u0131 ve Hastal\u0131klar\u0131 Uzman\u0131 &#8211; Consultant Paediatrician Dr. Ta\u015fk\u0131n Tanr\u0131kulu Klinik Psikolog &#8211; Psikolojik Dan\u0131\u015fman\" \/>\n<meta property=\"og:url\" content=\"https:\/\/www.bluemedilife.co.uk\/tr\/index.php\/about\/team\/\" \/>\n<meta property=\"og:site_name\" content=\"Bluemedilife\" \/>\n<meta property=\"article:modified_time\" content=\"2023-01-29T22:16:14+00:00\" \/>\n<meta property=\"og:image\" content=\"https:\/\/www.bluemedilife.co.uk\/tr\/wp-content\/uploads\/2021\/08\/slider03.jpg\" \/>\n\t<meta property=\"og:image:width\" content=\"1680\" \/>\n\t<meta property=\"og:image:height\" content=\"700\" \/>\n\t<meta property=\"og:image:type\" content=\"image\/jpeg\" \/>\n<meta name=\"twitter:card\" content=\"summary_large_image\" \/>\n<meta name=\"twitter:label1\" content=\"Tahmini okuma s\u00fcresi\" \/>\n\t<meta name=\"twitter:data1\" content=\"2 dakika\" \/>\n<script type=\"application\/ld+json\" class=\"yoast-schema-graph\">{\"@context\":\"https:\/\/schema.org\",\"@graph\":[{\"@type\":\"WebPage\",\"@id\":\"https:\/\/www.bluemedilife.co.uk\/tr\/index.php\/about\/team\/\",\"url\":\"https:\/\/www.bluemedilife.co.uk\/tr\/index.php\/about\/team\/\",\"name\":\"Ekibimiz - Bluemedilife\",\"isPartOf\":{\"@id\":\"https:\/\/www.bluemedilife.co.uk\/tr\/#website\"},\"datePublished\":\"2021-07-25T00:45:43+00:00\",\"dateModified\":\"2023-01-29T22:16:14+00:00\",\"breadcrumb\":{\"@id\":\"https:\/\/www.bluemedilife.co.uk\/tr\/index.php\/about\/team\/#breadcrumb\"},\"inLanguage\":\"tr\",\"potentialAction\":[{\"@type\":\"ReadAction\",\"target\":[\"https:\/\/www.bluemedilife.co.uk\/tr\/index.php\/about\/team\/\"]}]},{\"@type\":\"BreadcrumbList\",\"@id\":\"https:\/\/www.bluemedilife.co.uk\/tr\/index.php\/about\/team\/#breadcrumb\",\"itemListElement\":[{\"@type\":\"ListItem\",\"position\":1,\"name\":\"Anasayfa\",\"item\":\"https:\/\/www.bluemedilife.co.uk\/tr\/\"},{\"@type\":\"ListItem\",\"position\":2,\"name\":\"Hakk\u0131m\u0131zda\",\"item\":\"https:\/\/www.bluemedilife.co.uk\/tr\/index.php\/about\/\"},{\"@type\":\"ListItem\",\"position\":3,\"name\":\"Ekibimiz\"}]},{\"@type\":\"WebSite\",\"@id\":\"https:\/\/www.bluemedilife.co.uk\/tr\/#website\",\"url\":\"https:\/\/www.bluemedilife.co.uk\/tr\/\",\"name\":\"Bluemedilife\",\"description\":\"Health &amp; Wellness\",\"potentialAction\":[{\"@type\":\"SearchAction\",\"target\":{\"@type\":\"EntryPoint\",\"urlTemplate\":\"https:\/\/www.bluemedilife.co.uk\/tr\/?s={search_term_string}\"},\"query-input\":\"required name=search_term_string\"}],\"inLanguage\":\"tr\"}]}<\/script>\n<!-- \/ Yoast SEO plugin. -->","yoast_head_json":{"title":"Ekibimiz - Bluemedilife","robots":{"index":"index","follow":"follow","max-snippet":"max-snippet:-1","max-image-preview":"max-image-preview:large","max-video-preview":"max-video-preview:-1"},"canonical":"https:\/\/www.bluemedilife.co.uk\/tr\/index.php\/about\/team\/","og_locale":"tr_TR","og_type":"article","og_title":"Ekibimiz - Bluemedilife","og_description":"Prof. Dr. \u00d6mer Ge\u00e7ici Psikiyatrist (Ruh Sa\u011fl\u0131\u011f\u0131 ve Hastal\u0131klar\u0131 Uzman\u0131) Dr.Nihal Ge\u00e7ici Dahiliye (\u0130\u00e7 Hastal\u0131klar\u0131) Uzman\u0131 Dr. Bengisu Ba\u015fsoy \u00c7ocuk Sa\u011fl\u0131\u011f\u0131 ve Hastal\u0131klar\u0131 Uzman\u0131 &#8211; Consultant Paediatrician Dr. Ta\u015fk\u0131n Tanr\u0131kulu Klinik Psikolog &#8211; Psikolojik Dan\u0131\u015fman","og_url":"https:\/\/www.bluemedilife.co.uk\/tr\/index.php\/about\/team\/","og_site_name":"Bluemedilife","article_modified_time":"2023-01-29T22:16:14+00:00","og_image":[{"width":1680,"height":700,"url":"https:\/\/www.bluemedilife.co.uk\/tr\/wp-content\/uploads\/2021\/08\/slider03.jpg","type":"image\/jpeg"}],"twitter_card":"summary_large_image","twitter_misc":{"Tahmini okuma s\u00fcresi":"2 dakika"},"schema":{"@context":"https:\/\/schema.org","@graph":[{"@type":"WebPage","@id":"https:\/\/www.bluemedilife.co.uk\/tr\/index.php\/about\/team\/","url":"https:\/\/www.bluemedilife.co.uk\/tr\/index.php\/about\/team\/","name":"Ekibimiz - Bluemedilife","isPartOf":{"@id":"https:\/\/www.bluemedilife.co.uk\/tr\/#website"},"datePublished":"2021-07-25T00:45:43+00:00","dateModified":"2023-01-29T22:16:14+00:00","breadcrumb":{"@id":"https:\/\/www.bluemedilife.co.uk\/tr\/index.php\/about\/team\/#breadcrumb"},"inLanguage":"tr","potentialAction":[{"@type":"ReadAction","target":["https:\/\/www.bluemedilife.co.uk\/tr\/index.php\/about\/team\/"]}]},{"@type":"BreadcrumbList","@id":"https:\/\/www.bluemedilife.co.uk\/tr\/index.php\/about\/team\/#breadcrumb","itemListElement":[{"@type":"ListItem","position":1,"name":"Anasayfa","item":"https:\/\/www.bluemedilife.co.uk\/tr\/"},{"@type":"ListItem","position":2,"name":"Hakk\u0131m\u0131zda","item":"https:\/\/www.bluemedilife.co.uk\/tr\/index.php\/about\/"},{"@type":"ListItem","position":3,"name":"Ekibimiz"}]},{"@type":"WebSite","@id":"https:\/\/www.bluemedilife.co.uk\/tr\/#website","url":"https:\/\/www.bluemedilife.co.uk\/tr\/","name":"Bluemedilife","description":"Health &amp; Wellness","potentialAction":[{"@type":"SearchAction","target":{"@type":"EntryPoint","urlTemplate":"https:\/\/www.bluemedilife.co.uk\/tr\/?s={search_term_string}"},"query-input":"required name=search_term_string"}],"inLanguage":"tr"}]}},"_links":{"self":[{"href":"https:\/\/www.bluemedilife.co.uk\/tr\/index.php\/wp-json\/wp\/v2\/pages\/1301","targetHints":{"allow":["GET"]}}],"collection":[{"href":"https:\/\/www.bluemedilife.co.uk\/tr\/index.php\/wp-json\/wp\/v2\/pages"}],"about":[{"href":"https:\/\/www.bluemedilife.co.uk\/tr\/index.php\/wp-json\/wp\/v2\/types\/page"}],"author":[{"embeddable":true,"href":"https:\/\/www.bluemedilife.co.uk\/tr\/index.php\/wp-json\/wp\/v2\/users\/1"}],"replies":[{"embeddable":true,"href":"https:\/\/www.bluemedilife.co.uk\/tr\/index.php\/wp-json\/wp\/v2\/comments?post=1301"}],"version-history":[{"count":48,"href":"https:\/\/www.bluemedilife.co.uk\/tr\/index.php\/wp-json\/wp\/v2\/pages\/1301\/revisions"}],"predecessor-version":[{"id":3025,"href":"https:\/\/www.bluemedilife.co.uk\/tr\/index.php\/wp-json\/wp\/v2\/pages\/1301\/revisions\/3025"}],"up":[{"embeddable":true,"href":"https:\/\/www.bluemedilife.co.uk\/tr\/index.php\/wp-json\/wp\/v2\/pages\/351"}],"wp:featuredmedia":[{"embeddable":true,"href":"https:\/\/www.bluemedilife.co.uk\/tr\/index.php\/wp-json\/wp\/v2\/media\/1738"}],"wp:attachment":[{"href":"https:\/\/www.bluemedilife.co.uk\/tr\/index.php\/wp-json\/wp\/v2\/media?parent=1301"}],"curies":[{"name":"wp","href":"https:\/\/api.w.org\/{rel}","templated":true}]}}