{"id":2348,"date":"2022-06-03T14:26:39","date_gmt":"2022-06-03T11:26:39","guid":{"rendered":"https:\/\/www.bluemedilife.co.uk\/siteson\/?page_id=2348"},"modified":"2022-06-03T14:26:40","modified_gmt":"2022-06-03T11:26:40","slug":"cocuk-sagligi-ve-hastaliklari-pediatri","status":"publish","type":"page","link":"https:\/\/www.bluemedilife.co.uk\/siteson\/index.php\/cocuk-sagligi-ve-hastaliklari-pediatri\/","title":{"rendered":"\u00c7ocuk Sa\u011fl\u0131\u011f\u0131 ve Hastal\u0131klar\u0131 (Pediatri)"},"content":{"rendered":"","protected":false},"excerpt":{"rendered":"","protected":false},"author":1,"featured_media":0,"parent":0,"menu_order":0,"comment_status":"closed","ping_status":"closed","template":"","meta":{"inline_featured_image":false,"footnotes":""},"class_list":["post-2348","page","type-page","status-publish","hentry"],"acf":[],"_links":{"self":[{"href":"https:\/\/www.bluemedilife.co.uk\/siteson\/index.php\/wp-json\/wp\/v2\/pages\/2348","targetHints":{"allow":["GET"]}}],"collection":[{"href":"https:\/\/www.bluemedilife.co.uk\/siteson\/index.php\/wp-json\/wp\/v2\/pages"}],"about":[{"href":"https:\/\/www.bluemedilife.co.uk\/siteson\/index.php\/wp-json\/wp\/v2\/types\/page"}],"author":[{"embeddable":true,"href":"https:\/\/www.bluemedilife.co.uk\/siteson\/index.php\/wp-json\/wp\/v2\/users\/1"}],"replies":[{"embeddable":true,"href":"https:\/\/www.bluemedilife.co.uk\/siteson\/index.php\/wp-json\/wp\/v2\/comments?post=2348"}],"version-history":[{"count":1,"href":"https:\/\/www.bluemedilife.co.uk\/siteson\/index.php\/wp-json\/wp\/v2\/pages\/2348\/revisions"}],"predecessor-version":[{"id":2352,"href":"https:\/\/www.bluemedilife.co.uk\/siteson\/index.php\/wp-json\/wp\/v2\/pages\/2348\/revisions\/2352"}],"wp:attachment":[{"href":"https:\/\/www.bluemedilife.co.uk\/siteson\/index.php\/wp-json\/wp\/v2\/media?parent=2348"}],"curies":[{"name":"wp","href":"https:\/\/api.w.org\/{rel}","templated":true}]}}